{"id":1841,"date":"2023-05-30T10:51:20","date_gmt":"2023-05-30T08:51:20","guid":{"rendered":"https:\/\/www.paraisocamper.com\/?page_id=1841"},"modified":"2023-06-20T14:45:09","modified_gmt":"2023-06-20T12:45:09","slug":"politica-de-privacidad","status":"publish","type":"page","link":"https:\/\/www.paraisocamper.com\/en\/politica-de-privacidad\/","title":{"rendered":"Privacy policy"},"content":{"rendered":"<div data-elementor-type=\"wp-page\" data-elementor-id=\"1841\" class=\"elementor elementor-1841\" data-elementor-post-type=\"page\">\n\t\t\t\t\t\t<section class=\"elementor-section elementor-top-section elementor-element elementor-element-544a6ef2 elementor-section-full_width elementor-section-height-default elementor-section-height-default\" data-id=\"544a6ef2\" data-element_type=\"section\" data-e-type=\"section\" data-settings=\"{&quot;background_background&quot;:&quot;classic&quot;}\">\n\t\t\t\t\t\t\t<div class=\"elementor-background-overlay\"><\/div>\n\t\t\t\t\t\t\t<div class=\"elementor-container elementor-column-gap-default\">\n\t\t\t\t\t<div class=\"elementor-column elementor-col-100 elementor-top-column elementor-element elementor-element-6c65df72\" data-id=\"6c65df72\" data-element_type=\"column\" data-e-type=\"column\" data-settings=\"{&quot;background_background&quot;:&quot;classic&quot;}\">\n\t\t\t<div class=\"elementor-widget-wrap elementor-element-populated\">\n\t\t\t\t\t\t<section class=\"elementor-section elementor-inner-section elementor-element elementor-element-4bd2f972 elementor-section-boxed elementor-section-height-default elementor-section-height-default\" data-id=\"4bd2f972\" data-element_type=\"section\" data-e-type=\"section\">\n\t\t\t\t\t\t<div class=\"elementor-container elementor-column-gap-default\">\n\t\t\t\t\t<div class=\"elementor-column elementor-col-100 elementor-inner-column elementor-element elementor-element-47b50944\" data-id=\"47b50944\" data-element_type=\"column\" data-e-type=\"column\">\n\t\t\t<div class=\"elementor-widget-wrap elementor-element-populated\">\n\t\t\t\t\t\t<div class=\"elementor-element elementor-element-7258b244 elementor-invisible elementor-widget elementor-widget-heading\" data-id=\"7258b244\" data-element_type=\"widget\" data-e-type=\"widget\" data-settings=\"{&quot;_animation&quot;:&quot;fadeInUp&quot;}\" data-widget_type=\"heading.default\">\n\t\t\t\t<div class=\"elementor-widget-container\">\n\t\t\t\t\t<h1 class=\"elementor-heading-title elementor-size-default\">Privacy policy<\/h1>\t\t\t\t<\/div>\n\t\t\t\t<\/div>\n\t\t\t\t<div class=\"elementor-element elementor-element-5f80ad52 elementor-invisible elementor-widget elementor-widget-heading\" data-id=\"5f80ad52\" data-element_type=\"widget\" data-e-type=\"widget\" data-settings=\"{&quot;_animation&quot;:&quot;fadeInDown&quot;}\" data-widget_type=\"heading.default\">\n\t\t\t\t<div class=\"elementor-widget-container\">\n\t\t\t\t\t<h2 class=\"elementor-heading-title elementor-size-default\">Check here the Privacy Policy of Para\u00edso Camper\n\n<\/h2>\t\t\t\t<\/div>\n\t\t\t\t<\/div>\n\t\t\t\t\t<\/div>\n\t\t<\/div>\n\t\t\t\t\t<\/div>\n\t\t<\/section>\n\t\t\t\t\t<\/div>\n\t\t<\/div>\n\t\t\t\t\t<\/div>\n\t\t<\/section>\n\t\t\t\t<section class=\"elementor-section elementor-top-section elementor-element elementor-element-a6d966c elementor-section-boxed elementor-section-height-default elementor-section-height-default\" data-id=\"a6d966c\" data-element_type=\"section\" data-e-type=\"section\">\n\t\t\t\t\t\t<div class=\"elementor-container elementor-column-gap-default\">\n\t\t\t\t\t<div class=\"elementor-column elementor-col-100 elementor-top-column elementor-element elementor-element-e7f9c8e\" data-id=\"e7f9c8e\" data-element_type=\"column\" data-e-type=\"column\">\n\t\t\t<div class=\"elementor-widget-wrap elementor-element-populated\">\n\t\t\t\t\t\t<div class=\"elementor-element elementor-element-39788d8 elementor-widget elementor-widget-heading\" data-id=\"39788d8\" data-element_type=\"widget\" data-e-type=\"widget\" data-widget_type=\"heading.default\">\n\t\t\t\t<div class=\"elementor-widget-container\">\n\t\t\t\t\t<h2 class=\"elementor-heading-title elementor-size-default\">1. USER INFORMATION<\/h2>\t\t\t\t<\/div>\n\t\t\t\t<\/div>\n\t\t\t\t<div class=\"elementor-element elementor-element-cb7b6a4 elementor-widget elementor-widget-heading\" data-id=\"cb7b6a4\" data-element_type=\"widget\" data-e-type=\"widget\" data-widget_type=\"heading.default\">\n\t\t\t\t<div class=\"elementor-widget-container\">\n\t\t\t\t\t<h3 class=\"elementor-heading-title elementor-size-default\">Who is the controller of your personal data?<\/h3>\t\t\t\t<\/div>\n\t\t\t\t<\/div>\n\t\t\t\t<div class=\"elementor-element elementor-element-7e6ff7c elementor-widget elementor-widget-text-editor\" data-id=\"7e6ff7c\" data-element_type=\"widget\" data-e-type=\"widget\" data-widget_type=\"text-editor.default\">\n\t\t\t\t<div class=\"elementor-widget-container\">\n\t\t\t\t\t\t\t\t\t<p class=\"translation-block\"><strong>ODISSEA CALP SL.<\/strong> is the <strong>CONTROLLER<\/strong> of the <strong>USER\u2019s<\/strong> personal data and informs him\/her that these data shall be processed in accordance with the provisions of <em>Regulation (EU) 2016\/679 of 27 April (GDPR) and the Organic Law 3\/2018 of 5 December (LOPDGDD)<\/em>.<\/p>\t\t\t\t\t\t\t\t<\/div>\n\t\t\t\t<\/div>\n\t\t\t\t<div class=\"elementor-element elementor-element-e272e23 elementor-widget elementor-widget-heading\" data-id=\"e272e23\" data-element_type=\"widget\" data-e-type=\"widget\" data-widget_type=\"heading.default\">\n\t\t\t\t<div class=\"elementor-widget-container\">\n\t\t\t\t\t<h3 class=\"elementor-heading-title elementor-size-default\">For what purpose do we process your personal data and why do we do it?<\/h3>\t\t\t\t<\/div>\n\t\t\t\t<\/div>\n\t\t\t\t<div class=\"elementor-element elementor-element-e5cdd37 elementor-widget elementor-widget-text-editor\" data-id=\"e5cdd37\" data-element_type=\"widget\" data-e-type=\"widget\" data-widget_type=\"text-editor.default\">\n\t\t\t\t<div class=\"elementor-widget-container\">\n\t\t\t\t\t\t\t\t\t<p>Depending on the form from which we have obtained the personal data, we will process it confidentially for the following purposes:<\/p><p class=\"translation-block\">In the form <strong>Reservas<\/strong><\/p><ul><li>Formalise reservations in the controller's establishment.<br \/><em>(for the execution of a contract or pre-contract, 6.1.b GDPR)<\/em><\/li><li>Send commercial advertising communications by email, fax, SMS, MMS, social networks or by any other electronic or physical means, present or future, to customers, which enable commercial communications concerning products or services that are similar to those that were initially contracted with the customer (art. 21.2 LSSI).<br \/><em>(for the legitimate interest of the person in charge, art. 6.1.f GDPR)<\/em><\/li><\/ul>\t\t\t\t\t\t\t\t<\/div>\n\t\t\t\t<\/div>\n\t\t\t\t<div class=\"elementor-element elementor-element-85c2815 elementor-widget elementor-widget-heading\" data-id=\"85c2815\" data-element_type=\"widget\" data-e-type=\"widget\" data-widget_type=\"heading.default\">\n\t\t\t\t<div class=\"elementor-widget-container\">\n\t\t\t\t\t<h3 class=\"elementor-heading-title elementor-size-default\">For how long will we keep your personal data?<\/h3>\t\t\t\t<\/div>\n\t\t\t\t<\/div>\n\t\t\t\t<div class=\"elementor-element elementor-element-f5fef00 elementor-widget elementor-widget-text-editor\" data-id=\"f5fef00\" data-element_type=\"widget\" data-e-type=\"widget\" data-widget_type=\"text-editor.default\">\n\t\t\t\t<div class=\"elementor-widget-container\">\n\t\t\t\t\t\t\t\t\t<p>Data shall be stored for no longer than is necessary to maintain the purpose of the processing or for as long as there are legal prescriptions dictating their custody, and when such purpose is no longer necessary the data shall be erased with appropriate security measures to ensure the anonymization of the data or their complete destruction.<\/p>\t\t\t\t\t\t\t\t<\/div>\n\t\t\t\t<\/div>\n\t\t\t\t<div class=\"elementor-element elementor-element-4a3569b elementor-widget elementor-widget-heading\" data-id=\"4a3569b\" data-element_type=\"widget\" data-e-type=\"widget\" data-widget_type=\"heading.default\">\n\t\t\t\t<div class=\"elementor-widget-container\">\n\t\t\t\t\t<h3 class=\"elementor-heading-title elementor-size-default\">To whom do we disclose your personal data?<\/h3>\t\t\t\t<\/div>\n\t\t\t\t<\/div>\n\t\t\t\t<div class=\"elementor-element elementor-element-fea1b70 elementor-widget elementor-widget-text-editor\" data-id=\"fea1b70\" data-element_type=\"widget\" data-e-type=\"widget\" data-widget_type=\"text-editor.default\">\n\t\t\t\t<div class=\"elementor-widget-container\">\n\t\t\t\t\t\t\t\t\t<p class=\"translation-block\">No communication of personal data to third parties is foreseen except, if necessary for the development and execution of the purposes of the processing, to our suppliers of services related to communications, with which the <strong>CONTROLLER<\/strong> has signed the confidentiality and data processor contracts required by current privacy regulations.<\/p>\t\t\t\t\t\t\t\t<\/div>\n\t\t\t\t<\/div>\n\t\t\t\t<div class=\"elementor-element elementor-element-4521279 elementor-widget elementor-widget-heading\" data-id=\"4521279\" data-element_type=\"widget\" data-e-type=\"widget\" data-widget_type=\"heading.default\">\n\t\t\t\t<div class=\"elementor-widget-container\">\n\t\t\t\t\t<h3 class=\"elementor-heading-title elementor-size-default\">What are your rights?<\/h3>\t\t\t\t<\/div>\n\t\t\t\t<\/div>\n\t\t\t\t<div class=\"elementor-element elementor-element-aef17a9 elementor-widget elementor-widget-text-editor\" data-id=\"aef17a9\" data-element_type=\"widget\" data-e-type=\"widget\" data-widget_type=\"text-editor.default\">\n\t\t\t\t<div class=\"elementor-widget-container\">\n\t\t\t\t\t\t\t\t\t<p class=\"translation-block\">The rights of the <strong>USER<\/strong> are:<\/p><ul><li>Right to withdraw consent at any time.<\/li><li>Right of access, rectification, portability and erasure of data and the limitation or objection to their processing.<\/li><li>The right to file a claim with the Spanish Supervisory Authority (<a href=\"https:\/\/www.aepd.es\/es\" target=\"_blank\" rel=\"noopener\">www.aepd.es<\/a>) if you consider that the processing does not comply with current legislation.<\/li><\/ul>\t\t\t\t\t\t\t\t<\/div>\n\t\t\t\t<\/div>\n\t\t\t\t<div class=\"elementor-element elementor-element-f2963dc elementor-widget elementor-widget-heading\" data-id=\"f2963dc\" data-element_type=\"widget\" data-e-type=\"widget\" data-widget_type=\"heading.default\">\n\t\t\t\t<div class=\"elementor-widget-container\">\n\t\t\t\t\t<h3 class=\"elementor-heading-title elementor-size-default\">Contact information to exercise their rights:<\/h3>\t\t\t\t<\/div>\n\t\t\t\t<\/div>\n\t\t\t\t<div class=\"elementor-element elementor-element-2387e33 elementor-widget elementor-widget-text-editor\" data-id=\"2387e33\" data-element_type=\"widget\" data-e-type=\"widget\" data-widget_type=\"text-editor.default\">\n\t\t\t\t<div class=\"elementor-widget-container\">\n\t\t\t\t\t\t\t\t\t<p>ODISSEA CALP SL.<\/p><p>URBANIZACI\u00d3N LOS ALMENDROS, 9-A<\/p><p>03710 CALP (Alacant)<\/p><p>Email: <a href=\"mailto:calpe@paraisocamper.com\">calpe@paraisocamper.com<\/a><\/p>\t\t\t\t\t\t\t\t<\/div>\n\t\t\t\t<\/div>\n\t\t\t\t\t<\/div>\n\t\t<\/div>\n\t\t\t\t\t<\/div>\n\t\t<\/section>\n\t\t\t\t<section class=\"elementor-section elementor-top-section elementor-element elementor-element-91fe204 elementor-section-boxed elementor-section-height-default elementor-section-height-default\" data-id=\"91fe204\" data-element_type=\"section\" data-e-type=\"section\">\n\t\t\t\t\t\t<div class=\"elementor-container elementor-column-gap-default\">\n\t\t\t\t\t<div class=\"elementor-column elementor-col-100 elementor-top-column elementor-element elementor-element-460b44f\" data-id=\"460b44f\" data-element_type=\"column\" data-e-type=\"column\">\n\t\t\t<div class=\"elementor-widget-wrap elementor-element-populated\">\n\t\t\t\t\t\t<div class=\"elementor-element elementor-element-d67afc0 elementor-widget elementor-widget-heading\" data-id=\"d67afc0\" data-element_type=\"widget\" data-e-type=\"widget\" data-widget_type=\"heading.default\">\n\t\t\t\t<div class=\"elementor-widget-container\">\n\t\t\t\t\t<h2 class=\"elementor-heading-title elementor-size-default\">2. COMPULSORY OR OPTIONAL NATURE OF THE INFORMATION PROVIDED BY THE USER<\/h2>\t\t\t\t<\/div>\n\t\t\t\t<\/div>\n\t\t\t\t<div class=\"elementor-element elementor-element-c56bd6a elementor-widget elementor-widget-text-editor\" data-id=\"c56bd6a\" data-element_type=\"widget\" data-e-type=\"widget\" data-widget_type=\"text-editor.default\">\n\t\t\t\t<div class=\"elementor-widget-container\">\n\t\t\t\t\t\t\t\t\t<p class=\"translation-block\">The <strong>USERS<\/strong>, by marking the corresponding boxes and entering data in the fields, marked with an asterisk (*) in the contact form or download forms, accept expressly and in a free and unequivocal way that their data are necessary for the supplier to meet their request, voluntarily providing their data in the remaining fields. The <strong>USER<\/strong> ensures that the personal data provided to the <strong>CONTROLLER<\/strong> are true and is responsible for communicating any changes to them.<\/p><p class=\"translation-block\">The <strong>CONTROLLER<\/strong> informs that all data requested through the website are mandatory, as they are necessary for the provision of an optimal service to the <strong>USER<\/strong>. In the event that not all of the data is provided, there is no guarantee that the information and services provided will be completely adapted to the User\u2019s needs.<\/p>\t\t\t\t\t\t\t\t<\/div>\n\t\t\t\t<\/div>\n\t\t\t\t\t<\/div>\n\t\t<\/div>\n\t\t\t\t\t<\/div>\n\t\t<\/section>\n\t\t\t\t<section class=\"elementor-section elementor-top-section elementor-element elementor-element-40e02db elementor-section-boxed elementor-section-height-default elementor-section-height-default\" data-id=\"40e02db\" data-element_type=\"section\" data-e-type=\"section\">\n\t\t\t\t\t\t<div class=\"elementor-container elementor-column-gap-default\">\n\t\t\t\t\t<div class=\"elementor-column elementor-col-100 elementor-top-column elementor-element elementor-element-9836a36\" data-id=\"9836a36\" data-element_type=\"column\" data-e-type=\"column\">\n\t\t\t<div class=\"elementor-widget-wrap elementor-element-populated\">\n\t\t\t\t\t\t<div class=\"elementor-element elementor-element-a0e7eaf elementor-widget elementor-widget-heading\" data-id=\"a0e7eaf\" data-element_type=\"widget\" data-e-type=\"widget\" data-widget_type=\"heading.default\">\n\t\t\t\t<div class=\"elementor-widget-container\">\n\t\t\t\t\t<h2 class=\"elementor-heading-title elementor-size-default\">3. SECURITY MEASURES<\/h2>\t\t\t\t<\/div>\n\t\t\t\t<\/div>\n\t\t\t\t<div class=\"elementor-element elementor-element-82fcef7 elementor-widget elementor-widget-text-editor\" data-id=\"82fcef7\" data-element_type=\"widget\" data-e-type=\"widget\" data-widget_type=\"text-editor.default\">\n\t\t\t\t<div class=\"elementor-widget-container\">\n\t\t\t\t\t\t\t\t\t<p class=\"translation-block\">That in accordance with the provisions of the current regulations on the protection of personal data, the <strong>CONTROLLER<\/strong>\nis complying with all the provisions of the GDPR and LOPDGDD regulations for processing the personal data for which\nthey are responsible, and is manifestly complying with the principles described in Article 5 of the GDPR, by which they\nare processed in a lawful, fair and transparent manner in relation to the data subject and appropriate, relevant and limited\nto what is necessary in relation to the purposes for which they are processed.<\/p><p class=\"translation-block\">The <strong>CONTROLLER<\/strong> guarantees that all appropriate technical and organisational policies have been implemented to apply the security measures established by GDPR and LOPDGDD in order to protect the rights and freedoms of the <strong>USERS<\/strong>, and has communicated the appropriate information for them to be able to exercise their rights and freedoms.<\/p><p class=\"translation-block\">For more information about privacy safeguards, you can contact the <strong>DATA CONTROLLER<\/strong> via:<\/p><p>ODISSEA CALP SL.<\/p><p>URBANIZACI\u00d3N LOS ALMENDROS, 9-A<\/p><p>03710 CALP (Alacant)<\/p><p>Email: <a href=\"mailto:calpe@paraisocamper.com\">calpe@paraisocamper.com<\/a><\/p>\t\t\t\t\t\t\t\t<\/div>\n\t\t\t\t<\/div>\n\t\t\t\t\t<\/div>\n\t\t<\/div>\n\t\t\t\t\t<\/div>\n\t\t<\/section>\n\t\t\t\t<\/div>","protected":false},"excerpt":{"rendered":"<p>Consulte aqu\u00ed la Pol\u00edtica de Privacidad de Para\u00edso Camper 1. INFORMACI\u00d3N AL USUARIO \u00bfQui\u00e9n es el responsable del tratamiento de tus datos personales? ODISSEA CALP SL. es el RESPONSABLE del tratamiento de los datos personales del USUARIO y le informa de que estos datos ser\u00e1n tratados de conformidad con lo dispuesto en el Reglamento (UE) [&hellip;]<\/p>","protected":false},"author":1,"featured_media":0,"parent":0,"menu_order":0,"comment_status":"closed","ping_status":"closed","template":"elementor_header_footer","meta":{"footnotes":""},"class_list":["post-1841","page","type-page","status-publish","hentry"],"yoast_head":"<!-- This site is optimized with the Yoast SEO plugin v27.0 - https:\/\/yoast.com\/product\/yoast-seo-wordpress\/ -->\n<title>Pol\u00edtica de privacidad - Para\u00edso Camper<\/title>\n<meta name=\"robots\" content=\"index, follow, max-snippet:-1, max-image-preview:large, max-video-preview:-1\" \/>\n<link rel=\"canonical\" href=\"https:\/\/www.paraisocamper.com\/en\/politica-de-privacidad\/\" \/>\n<meta property=\"og:locale\" content=\"en_GB\" \/>\n<meta property=\"og:type\" content=\"article\" \/>\n<meta property=\"og:title\" content=\"Pol\u00edtica de privacidad - Para\u00edso Camper\" \/>\n<meta property=\"og:description\" content=\"Consulte aqu\u00ed la Pol\u00edtica de Privacidad de Para\u00edso Camper 1. INFORMACI\u00d3N AL USUARIO \u00bfQui\u00e9n es el responsable del tratamiento de tus datos personales? ODISSEA CALP SL. es el RESPONSABLE del tratamiento de los datos personales del USUARIO y le informa de que estos datos ser\u00e1n tratados de conformidad con lo dispuesto en el Reglamento (UE) [&hellip;]\" \/>\n<meta property=\"og:url\" content=\"https:\/\/www.paraisocamper.com\/en\/politica-de-privacidad\/\" \/>\n<meta property=\"og:site_name\" content=\"Para\u00edso Camper\" \/>\n<meta property=\"article:modified_time\" content=\"2023-06-20T12:45:09+00:00\" \/>\n<meta name=\"twitter:card\" content=\"summary_large_image\" \/>\n<meta name=\"twitter:label1\" content=\"Estimated reading time\" \/>\n\t<meta name=\"twitter:data1\" content=\"4 minutes\" \/>\n<script type=\"application\/ld+json\" class=\"yoast-schema-graph\">{\"@context\":\"https:\/\/schema.org\",\"@graph\":[{\"@type\":\"WebPage\",\"@id\":\"https:\/\/www.paraisocamper.com\/politica-de-privacidad\/\",\"url\":\"https:\/\/www.paraisocamper.com\/politica-de-privacidad\/\",\"name\":\"Pol\u00edtica de privacidad - Para\u00edso Camper\",\"isPartOf\":{\"@id\":\"https:\/\/www.paraisocamper.com\/#website\"},\"datePublished\":\"2023-05-30T08:51:20+00:00\",\"dateModified\":\"2023-06-20T12:45:09+00:00\",\"breadcrumb\":{\"@id\":\"https:\/\/www.paraisocamper.com\/politica-de-privacidad\/#breadcrumb\"},\"inLanguage\":\"en-GB\",\"potentialAction\":[{\"@type\":\"ReadAction\",\"target\":[\"https:\/\/www.paraisocamper.com\/politica-de-privacidad\/\"]}]},{\"@type\":\"BreadcrumbList\",\"@id\":\"https:\/\/www.paraisocamper.com\/politica-de-privacidad\/#breadcrumb\",\"itemListElement\":[{\"@type\":\"ListItem\",\"position\":1,\"name\":\"Portada\",\"item\":\"https:\/\/www.paraisocamper.com\/\"},{\"@type\":\"ListItem\",\"position\":2,\"name\":\"Pol\u00edtica de privacidad\"}]},{\"@type\":\"WebSite\",\"@id\":\"https:\/\/www.paraisocamper.com\/#website\",\"url\":\"https:\/\/www.paraisocamper.com\/\",\"name\":\"\u00c1rea para Autocaravanas en Calpe\",\"description\":\"\u00c1REA PARA AUTOCARAVANAS\",\"publisher\":{\"@id\":\"https:\/\/www.paraisocamper.com\/#organization\"},\"potentialAction\":[{\"@type\":\"SearchAction\",\"target\":{\"@type\":\"EntryPoint\",\"urlTemplate\":\"https:\/\/www.paraisocamper.com\/?s={search_term_string}\"},\"query-input\":{\"@type\":\"PropertyValueSpecification\",\"valueRequired\":true,\"valueName\":\"search_term_string\"}}],\"inLanguage\":\"en-GB\"},{\"@type\":\"Organization\",\"@id\":\"https:\/\/www.paraisocamper.com\/#organization\",\"name\":\"\u00c1rea para Autocaravanas en Calpe\",\"url\":\"https:\/\/www.paraisocamper.com\/\",\"logo\":{\"@type\":\"ImageObject\",\"inLanguage\":\"en-GB\",\"@id\":\"https:\/\/www.paraisocamper.com\/#\/schema\/logo\/image\/\",\"url\":\"https:\/\/www.paraisocamper.com\/wp-content\/uploads\/logo-final-camper-300-w.png\",\"contentUrl\":\"https:\/\/www.paraisocamper.com\/wp-content\/uploads\/logo-final-camper-300-w.png\",\"width\":300,\"height\":101,\"caption\":\"\u00c1rea para Autocaravanas en Calpe\"},\"image\":{\"@id\":\"https:\/\/www.paraisocamper.com\/#\/schema\/logo\/image\/\"},\"sameAs\":[\"https:\/\/www.tripadvisor.es\/Hotel_Review-g187526-d8735615-Reviews-Paraiso_Camper-Calpe_Costa_Blanca_Province_of_Alicante_Valencian_Community.html\"]}]}<\/script>\n<!-- \/ Yoast SEO plugin. -->","yoast_head_json":{"title":"Privacy policy - Para\u00edso Camper","robots":{"index":"index","follow":"follow","max-snippet":"max-snippet:-1","max-image-preview":"max-image-preview:large","max-video-preview":"max-video-preview:-1"},"canonical":"https:\/\/www.paraisocamper.com\/en\/politica-de-privacidad\/","og_locale":"en_GB","og_type":"article","og_title":"Pol\u00edtica de privacidad - Para\u00edso Camper","og_description":"Consulte aqu\u00ed la Pol\u00edtica de Privacidad de Para\u00edso Camper 1. INFORMACI\u00d3N AL USUARIO \u00bfQui\u00e9n es el responsable del tratamiento de tus datos personales? ODISSEA CALP SL. es el RESPONSABLE del tratamiento de los datos personales del USUARIO y le informa de que estos datos ser\u00e1n tratados de conformidad con lo dispuesto en el Reglamento (UE) [&hellip;]","og_url":"https:\/\/www.paraisocamper.com\/en\/politica-de-privacidad\/","og_site_name":"Para\u00edso Camper","article_modified_time":"2023-06-20T12:45:09+00:00","twitter_card":"summary_large_image","twitter_misc":{"Estimated reading time":"4 minutes"},"schema":{"@context":"https:\/\/schema.org","@graph":[{"@type":"WebPage","@id":"https:\/\/www.paraisocamper.com\/politica-de-privacidad\/","url":"https:\/\/www.paraisocamper.com\/politica-de-privacidad\/","name":"Privacy policy - Para\u00edso Camper","isPartOf":{"@id":"https:\/\/www.paraisocamper.com\/#website"},"datePublished":"2023-05-30T08:51:20+00:00","dateModified":"2023-06-20T12:45:09+00:00","breadcrumb":{"@id":"https:\/\/www.paraisocamper.com\/politica-de-privacidad\/#breadcrumb"},"inLanguage":"en-GB","potentialAction":[{"@type":"ReadAction","target":["https:\/\/www.paraisocamper.com\/politica-de-privacidad\/"]}]},{"@type":"BreadcrumbList","@id":"https:\/\/www.paraisocamper.com\/politica-de-privacidad\/#breadcrumb","itemListElement":[{"@type":"ListItem","position":1,"name":"Portada","item":"https:\/\/www.paraisocamper.com\/"},{"@type":"ListItem","position":2,"name":"Pol\u00edtica de privacidad"}]},{"@type":"WebSite","@id":"https:\/\/www.paraisocamper.com\/#website","url":"https:\/\/www.paraisocamper.com\/","name":"\u00c1rea para Autocaravanas en Calpe","description":"MOTORHOME AREA","publisher":{"@id":"https:\/\/www.paraisocamper.com\/#organization"},"potentialAction":[{"@type":"SearchAction","target":{"@type":"EntryPoint","urlTemplate":"https:\/\/www.paraisocamper.com\/?s={search_term_string}"},"query-input":{"@type":"PropertyValueSpecification","valueRequired":true,"valueName":"search_term_string"}}],"inLanguage":"en-GB"},{"@type":"Organization","@id":"https:\/\/www.paraisocamper.com\/#organization","name":"\u00c1rea para Autocaravanas en Calpe","url":"https:\/\/www.paraisocamper.com\/","logo":{"@type":"ImageObject","inLanguage":"en-GB","@id":"https:\/\/www.paraisocamper.com\/#\/schema\/logo\/image\/","url":"https:\/\/www.paraisocamper.com\/wp-content\/uploads\/logo-final-camper-300-w.png","contentUrl":"https:\/\/www.paraisocamper.com\/wp-content\/uploads\/logo-final-camper-300-w.png","width":300,"height":101,"caption":"\u00c1rea para Autocaravanas en Calpe"},"image":{"@id":"https:\/\/www.paraisocamper.com\/#\/schema\/logo\/image\/"},"sameAs":["https:\/\/www.tripadvisor.es\/Hotel_Review-g187526-d8735615-Reviews-Paraiso_Camper-Calpe_Costa_Blanca_Province_of_Alicante_Valencian_Community.html"]}]}},"_links":{"self":[{"href":"https:\/\/www.paraisocamper.com\/en\/wp-json\/wp\/v2\/pages\/1841","targetHints":{"allow":["GET"]}}],"collection":[{"href":"https:\/\/www.paraisocamper.com\/en\/wp-json\/wp\/v2\/pages"}],"about":[{"href":"https:\/\/www.paraisocamper.com\/en\/wp-json\/wp\/v2\/types\/page"}],"author":[{"embeddable":true,"href":"https:\/\/www.paraisocamper.com\/en\/wp-json\/wp\/v2\/users\/1"}],"replies":[{"embeddable":true,"href":"https:\/\/www.paraisocamper.com\/en\/wp-json\/wp\/v2\/comments?post=1841"}],"version-history":[{"count":5,"href":"https:\/\/www.paraisocamper.com\/en\/wp-json\/wp\/v2\/pages\/1841\/revisions"}],"predecessor-version":[{"id":2484,"href":"https:\/\/www.paraisocamper.com\/en\/wp-json\/wp\/v2\/pages\/1841\/revisions\/2484"}],"wp:attachment":[{"href":"https:\/\/www.paraisocamper.com\/en\/wp-json\/wp\/v2\/media?parent=1841"}],"curies":[{"name":"wp","href":"https:\/\/api.w.org\/{rel}","templated":true}]}}